{"id":149,"date":"2025-11-03T08:57:30","date_gmt":"2025-11-03T07:57:30","guid":{"rendered":"https:\/\/inclusiveway.es\/?page_id=149"},"modified":"2026-03-17T13:40:44","modified_gmt":"2026-03-17T12:40:44","slug":"sobre-nosotros","status":"publish","type":"page","link":"https:\/\/inclusiveway.es\/en\/sobre-nosotros\/","title":{"rendered":"Nosotros"},"content":{"rendered":"<section class=\"bde-section-149-100 bde-section\">\n  \n  \n\t\n\n\n\n<div class=\"section-container\"><h1 class=\"bde-heading-149-101 bde-heading\">\nNosotros\n<\/h1><div class=\"bde-icon-149-102 bde-icon\">\n\n    \n            <div class=\"bde-icon-icon breakdance-icon-atom\" >\n    \n                    <svg width=\"54\" height=\"54\" viewbox=\"0 0 54 54\" fill=\"none\" xmlns=\"http:\/\/www.w3.org\/2000\/svg\">\r\n<path d=\"M39.7212 22.5L27.0002 35.2209L14.2793 22.5L16.6502 20.1291L27.0002 30.4791L37.3502 20.1291L39.7212 22.5Z\" fill=\"#241F26\"\/>\r\n<\/svg>\n        \n        \n        \n            <\/div>\n    \n\n\n<\/div><\/div>\n<\/section><section class=\"bde-section-149-103 bde-section\">\n  \n  \n\t\n\n\n\n<div class=\"section-container\"><h3 class=\"bde-heading-149-241 bde-heading\">\nqu\u00e9 hacemos\n<\/h3><div class=\"bde-columns-149-238 bde-columns\"><div class=\"bde-column-149-239 bde-column\">\n  \n  \n\t\n\n\n\n<div class=\"bde-text-149-242 bde-text\">\nImpulsando la accesibilidad universal con Inclusive Way\n<\/div>\n<\/div><div class=\"bde-column-149-240 bde-column\">\n  \n  \n\t\n\n\n\n<div class=\"bde-text-149-243 bde-text\">\n<b>Cualquier camino debe ser f\u00e1cil de recorrer sin que existan obst\u00e1culos que nos impidan llegar a nuestro destino.<\/b><br><br>En <m>Inclusive Way<\/m> ayudamos a empresas con prop\u00f3sito a crear una hoja de ruta para deshacerse de barreras y conseguir alcanzar algunos de sus grandes desaf\u00edos: una sociedad m\u00e1s humana, equitativa e inclusiva.\n<\/div>\n<\/div><\/div><\/div>\n<\/section><section class=\"bde-section-149-136 bde-section\">\n  \n  \n\t\n\n\n\n<div class=\"section-container\"><div class=\"bde-columns-149-137 bde-columns\"><div class=\"bde-column-149-138 bde-column\">\n  \n  \n\t\n\n\n\n<img decoding=\"async\" class=\"bde-image2-149-146 bde-image2\" src=\"https:\/\/inclusiveway.es\/wp-content\/uploads\/2025\/11\/1537976099544.jpg\" alt=\"carola\" loading=\"lazy\" srcset=\"https:\/\/inclusiveway.es\/wp-content\/uploads\/2025\/11\/1537976099544.jpg 500w, https:\/\/inclusiveway.es\/wp-content\/uploads\/2025\/11\/1537976099544-300x300.jpg 300w, https:\/\/inclusiveway.es\/wp-content\/uploads\/2025\/11\/1537976099544-150x150.jpg 150w\" sizes=\"(max-width: 500px) 100vw, 500px\">\n<\/div><div class=\"bde-column-149-139 bde-column\">\n  \n  \n\t\n\n\n\n<h3 class=\"bde-heading-149-140 bde-heading\">\nSobre Carola\n<\/h3><h2 class=\"bde-heading-149-141 bde-heading\">\nExperiencia, Sensibilidad y Compromiso con la Inclusi\u00f3n\n<\/h2><div class=\"bde-text-149-142 bde-text\">\n<b>Soy Carola y durante estos a\u00f1os, he adquirido una valiosa experiencia sobre la importancia de la Accesibilidad Universal en la construcci\u00f3n de una sociedad m\u00e1s inclusiva y diversa.<\/b><br><br>He evaluado m\u00e1s de un centenar de hoteles y establecimientos para valorar sus recursos y servicios en estos aspectos. Como facilitadora de servicios tur\u00edsticos, garantizo viajes accesibles para viajeros con discapacidad que buscan experiencias con un alto nivel de atenci\u00f3n al detalle.<br><br>Disfruto de los paseos al lado del mar, de la compa\u00f1\u00eda de un buen libro y preservando flores y plantas para despu\u00e9s regalarlas. Mis aficiones son sencillas, pero creo que en eso se fundamenta la vida: en la suma de peque\u00f1os momentos que debemos aprovechar y exprimir al m\u00e1ximo.\n<\/div><div class=\"bde-div-149-145 bde-div\">\n  \n  \n\t\n\n\n\n<div class=\"bde-text-149-143 bde-text\">\nCarola Madrid Fierro\n<\/div><div class=\"bde-text-149-144 bde-text\">\nDirectora Inclusive Way\n<\/div>\n<\/div>\n<\/div><\/div><\/div>\n<\/section><section class=\"bde-section-149-244 bde-section\">\n  \n  \n\t\n\n\n\n<div class=\"section-container\"><div class=\"bde-div-149-245 bde-div\">\n  \n  \n\t\n\n\n\n<h3 class=\"bde-heading-149-326 bde-heading\">\nequipo interdisciplinar\n<\/h3><div class=\"bde-columns-149-246 bde-columns\"><div class=\"bde-column-149-247 bde-column\">\n  \n  \n\t\n\n\n\n<div class=\"bde-text-149-248 bde-text\">\nNuestra red de aliados especializados\n<\/div>\n<\/div><div class=\"bde-column-149-249 bde-column\">\n  \n  \n\t\n\n\n\n<div class=\"bde-text-149-250 bde-text\">\nEn <m>Inclusive Way<\/m> nos apoyamos en un equipo de especialistas que aportan saberes distintos y complementarios. As\u00ed podemos crear soluciones honestas, cuidadas y alineadas con la esencia de cada empresa.<br><br>Juntos aportamos miradas complementarias que nos permiten dise\u00f1ar la soluci\u00f3n m\u00e1s adecuada para cada empresa.\n<\/div><div class=\"bde-text-149-251 bde-text\">\nAliados\u00a0<span>Estrat\u00e9gicos:<\/span>\n<\/div><div class=\"bde-grid-149-252 bde-grid\">\n  \n  \n\t\n\n\n\n<a class=\"bde-container-link-149-268 bde-container-link breakdance-link\" href=\"https:\/\/wheeltheworld.com\/?utm_source=google&amp;utm_medium=organic&amp;utm_content=ficha_gmb\" target=\"_self\" data-type=\"url\" rel=\"noopener\">\n  \n  \n\t\n\n\n\n<img decoding=\"async\" class=\"bde-image2-149-254 bde-image2\" src=\"https:\/\/inclusiveway.es\/wp-content\/uploads\/2026\/03\/honesto_branding_studio_logo-1.png\" alt=\"icono honesto\" loading=\"lazy\" sizes=\"(max-width: 157px) 100vw, 157px\">\n\n<\/a><a class=\"bde-container-link-149-269 bde-container-link breakdance-link\" href=\"https:\/\/www.ilunionconsultoria.com\/es\/accesibilidad\" target=\"_self\" data-type=\"url\" rel=\"noopener\">\n  \n  \n\t\n\n\n\n<img decoding=\"async\" class=\"bde-image2-149-256 bde-image2\" src=\"https:\/\/inclusiveway.es\/wp-content\/uploads\/2026\/03\/ILUNION-Accesibilidad-1.png\" alt=\"icono ilunion\" loading=\"lazy\" sizes=\"(max-width: 163px) 100vw, 163px\">\n\n<\/a><a class=\"bde-container-link-149-270 bde-container-link breakdance-link\" href=\"https:\/\/honestobranding.com\/nosotros\/\" target=\"_self\" data-type=\"url\" rel=\"noopener\">\n  \n  \n\t\n\n\n\n<img decoding=\"async\" class=\"bde-image2-149-258 bde-image2\" src=\"https:\/\/inclusiveway.es\/wp-content\/uploads\/2026\/03\/honesto_branding_studio_logo-1.png\" alt=\"icono honesto\" loading=\"lazy\" sizes=\"(max-width: 157px) 100vw, 157px\">\n\n<\/a><a class=\"bde-container-link-149-271 bde-container-link breakdance-link\" href=\"https:\/\/segundomundo.es\/\" target=\"_self\" data-type=\"url\" rel=\"noopener\">\n  \n  \n\t\n\n\n\n<img decoding=\"async\" class=\"bde-image2-149-263 bde-image2\" src=\"https:\/\/inclusiveway.es\/wp-content\/uploads\/2026\/03\/images-1.png\" alt=\"icono segundo mundo\" loading=\"lazy\" sizes=\"(max-width: 130px) 100vw, 130px\">\n\n<\/a><a class=\"bde-container-link-149-272 bde-container-link breakdance-link\" href=\"https:\/\/www.linkedin.com\/in\/alba-vide-paris\/\" target=\"_self\" data-type=\"url\" rel=\"noopener\">\n  \n  \n\t\n\n\n\n<div class=\"bde-text-149-266 bde-text\">\nALBA VIDE PARIS\n<\/div><div class=\"bde-text-149-267 bde-text\">\nEstrategia de comunicaci\u00f3n | <br>Identidad verbal y branding\n<\/div>\n\n<\/a>\n<\/div>\n<\/div><\/div>\n<\/div><\/div>\n<\/section><section class=\"bde-section-149-273 bde-section\">\n  \n  \n\t\n\n\n\n<div class=\"section-container\"><h3 class=\"bde-heading-149-282 bde-heading\">\nqu\u00e9 hacemos\n<\/h3><div class=\"bde-columns-149-277 bde-columns\"><div class=\"bde-column-149-278 bde-column\">\n  \n  \n\t\n\n\n\n<div class=\"bde-text-149-279 bde-text\">\nResultados que avalan nuestro compromiso\n<\/div>\n<\/div><div class=\"bde-column-149-280 bde-column\">\n  \n  \n\t\n\n\n\n<div class=\"bde-grid-149-283 bde-grid\">\n  \n  \n\t\n\n\n\n<div class=\"bde-div-149-284 bde-div\">\n  \n  \n\t\n\n\n\n<div class=\"bde-text-149-285 bde-text\">\n+85\n<\/div><div class=\"bde-text-149-286 bde-text\">\nServicios entregados <br>con \u00e9xito\n<\/div>\n<\/div><div class=\"bde-div-149-287 bde-div\">\n  \n  \n\t\n\n\n\n<div class=\"bde-icon-149-288 bde-icon\">\n\n    \n            <div class=\"bde-icon-icon breakdance-icon-atom\" >\n    \n                    <svg width=\"79\" height=\"79\" viewbox=\"0 0 79 79\" fill=\"none\" xmlns=\"http:\/\/www.w3.org\/2000\/svg\">\r\n<path d=\"M31.4352 49.8687L59.3321 21.9719C59.9904 21.3135 60.7585 20.9844 61.6362 20.9844C62.514 20.9844 63.2821 21.3135 63.9404 21.9719C64.5987 22.6302 64.9279 23.4125 64.9279 24.3188C64.9279 25.2251 64.5987 26.0064 63.9404 26.6625L33.7394 56.9458C33.081 57.6042 32.313 57.9333 31.4352 57.9333C30.5574 57.9333 29.7894 57.6042 29.131 56.9458L14.9769 42.7917C14.3185 42.1333 14.0025 41.3521 14.0289 40.448C14.0552 39.5439 14.3986 38.7616 15.0592 38.101C15.7197 37.4405 16.502 37.1113 17.4061 37.1135C18.3102 37.1157 19.0914 37.4449 19.7498 38.101L31.4352 49.8687Z\" fill=\"#4B423A\"\/>\r\n<\/svg>\n        \n        \n        \n            <\/div>\n    \n\n\n<\/div><div class=\"bde-text-149-289 bde-text\">\nSocios estrat\u00e9gicos<br>seleccionados\n<\/div>\n<\/div>\n<\/div>\n<\/div><\/div><div class=\"bde-grid-149-296 bde-grid\">\n  \n  \n\t\n\n\n\n<div class=\"bde-div-149-298 bde-div\">\n  \n  \n\t\n\n\n\n<div class=\"bde-text-149-299 bde-text\">\n10\n<\/div><div class=\"bde-text-149-300 bde-text\">\nProyectos de Consultor\u00eda <br>Estrat\u00e9gica\n<\/div>\n<\/div><div class=\"bde-div-149-301 bde-div\">\n  \n  \n\t\n\n\n\n<div class=\"bde-text-149-302 bde-text\">\n150\n<\/div><div class=\"bde-text-149-303 bde-text\">\nHoteles Inspeccionados y Mapeados\n<\/div>\n<\/div><div class=\"bde-div-149-304 bde-div\">\n  \n  \n\t\n\n\n\n<div class=\"bde-icon-149-310 bde-icon\">\n\n    \n            <div class=\"bde-icon-icon breakdance-icon-atom\" >\n    \n                    <svg width=\"79\" height=\"79\" viewbox=\"0 0 79 79\" fill=\"none\" xmlns=\"http:\/\/www.w3.org\/2000\/svg\">\r\n<path d=\"M31.4352 49.8687L59.3321 21.9719C59.9904 21.3135 60.7585 20.9844 61.6362 20.9844C62.514 20.9844 63.2821 21.3135 63.9404 21.9719C64.5987 22.6302 64.9279 23.4125 64.9279 24.3188C64.9279 25.2251 64.5987 26.0064 63.9404 26.6625L33.7394 56.9458C33.081 57.6042 32.313 57.9333 31.4352 57.9333C30.5574 57.9333 29.7894 57.6042 29.131 56.9458L14.9769 42.7917C14.3185 42.1333 14.0025 41.3521 14.0289 40.448C14.0552 39.5439 14.3986 38.7616 15.0592 38.101C15.7197 37.4405 16.502 37.1113 17.4061 37.1135C18.3102 37.1157 19.0914 37.4449 19.7498 38.101L31.4352 49.8687Z\" fill=\"#4B423A\"\/>\r\n<\/svg>\n        \n        \n        \n            <\/div>\n    \n\n\n<\/div><div class=\"bde-text-149-306 bde-text\">\nProyectos de Consultor\u00eda <br>Estrat\u00e9gica\n<\/div>\n<\/div><div class=\"bde-div-149-307 bde-div\">\n  \n  \n\t\n\n\n\n<div class=\"bde-text-149-308 bde-text\">\n25\n<\/div><div class=\"bde-text-149-309 bde-text\">\nGroup Tour\n<\/div>\n<\/div>\n<\/div><div class=\"bde-grid-149-311 bde-grid\">\n  \n  \n\t\n\n\n\n<div class=\"bde-div-149-312 bde-div\">\n  \n  \n\t\n\n\n\n<div class=\"bde-text-149-313 bde-text\">\n11\n<\/div><div class=\"bde-text-149-314 bde-text\">\nItinerarios a medida de varios d\u00edas\n<\/div>\n<\/div><div class=\"bde-div-149-315 bde-div\">\n  \n  \n\t\n\n\n\n<div class=\"bde-text-149-316 bde-text\">\n16\n<\/div><div class=\"bde-text-149-317 bde-text\">\nActividades & Tours accesibles\n<\/div>\n<\/div><div class=\"bde-div-149-318 bde-div\">\n  \n  \n\t\n\n\n\n<div class=\"bde-text-149-325 bde-text\">\n50\n<\/div><div class=\"bde-text-149-320 bde-text\">\nServicios de Transporte accesible\n<\/div>\n<\/div>\n<\/div><\/div>\n<\/section><section class=\"bde-section-149-234 bde-section\">\n  \n  \n\t\n\n\n\n<div class=\"section-container\"><h3 class=\"bde-heading-149-235 bde-heading\">\nnUESTRO COMPROMISO\n<\/h3><div class=\"bde-text-149-236 bde-text\">\nEstoy convencida de que todos deber\u00edamos poder disfrutar de cualquier \u00e1mbito de la vida. Por eso, mi objetivo es transformar la industria tur\u00edstica, haci\u00e9ndola m\u00e1s inclusiva y generando un impacto positivo tanto en las personas como en el entorno.<br><br>Este extenso recorrido y mis vivencias propias, se han materializado en <m>Inclusive Way<\/m>, mi mejor herramienta para comunicar y transmitir valores. <br><br>Mi misi\u00f3n es clara: continuar trabajando por una sociedad m\u00e1s equitativa y justa\n<\/div><h2 class=\"bde-heading-149-237 bde-heading\">\n\u00bfEmpezamos ya?\n<\/h2><\/div>\n<\/section>","protected":false},"excerpt":{"rendered":"<p>Nosotros qu\u00e9 hacemos Impulsando la accesibilidad universal con Inclusive Way Cualquier camino debe ser f\u00e1cil de recorrer sin que existan obst\u00e1culos que nos impidan llegar a nuestro destino.En Inclusive Way ayudamos a empresas con prop\u00f3sito a crear una hoja de ruta para deshacerse de barreras y conseguir alcanzar algunos de sus grandes desaf\u00edos: una sociedad [&hellip;]<\/p>\n","protected":false},"author":1,"featured_media":0,"parent":0,"menu_order":0,"comment_status":"closed","ping_status":"closed","template":"","meta":{"_acf_changed":false,"_breakdance_hide_in_design_set":false,"_breakdance_tags":"","footnotes":""},"class_list":["post-149","page","type-page","status-publish","hentry"],"acf":[],"_links":{"self":[{"href":"https:\/\/inclusiveway.es\/en\/wp-json\/wp\/v2\/pages\/149","targetHints":{"allow":["GET"]}}],"collection":[{"href":"https:\/\/inclusiveway.es\/en\/wp-json\/wp\/v2\/pages"}],"about":[{"href":"https:\/\/inclusiveway.es\/en\/wp-json\/wp\/v2\/types\/page"}],"author":[{"embeddable":true,"href":"https:\/\/inclusiveway.es\/en\/wp-json\/wp\/v2\/users\/1"}],"replies":[{"embeddable":true,"href":"https:\/\/inclusiveway.es\/en\/wp-json\/wp\/v2\/comments?post=149"}],"version-history":[{"count":191,"href":"https:\/\/inclusiveway.es\/en\/wp-json\/wp\/v2\/pages\/149\/revisions"}],"predecessor-version":[{"id":952,"href":"https:\/\/inclusiveway.es\/en\/wp-json\/wp\/v2\/pages\/149\/revisions\/952"}],"wp:attachment":[{"href":"https:\/\/inclusiveway.es\/en\/wp-json\/wp\/v2\/media?parent=149"}],"curies":[{"name":"wp","href":"https:\/\/api.w.org\/{rel}","templated":true}]}}