{"id":240,"date":"2025-10-31T12:35:26","date_gmt":"2025-10-31T11:35:26","guid":{"rendered":"https:\/\/inclusiveway.es\/?page_id=240"},"modified":"2026-03-17T13:35:11","modified_gmt":"2026-03-17T12:35:11","slug":"nuestros-servicios","status":"publish","type":"page","link":"https:\/\/inclusiveway.es\/en\/nuestros-servicios\/","title":{"rendered":"Servicios"},"content":{"rendered":"<section class=\"bde-section-240-100 bde-section\">\n  \n  \n\t\n\n\n\n<div class=\"section-container\"><h1 class=\"bde-heading-240-101 bde-heading\">\nServicios\n<\/h1><div class=\"bde-icon-240-102 bde-icon\">\n\n    \n            <div class=\"bde-icon-icon breakdance-icon-atom\" >\n    \n                    <svg width=\"54\" height=\"54\" viewbox=\"0 0 54 54\" fill=\"none\" xmlns=\"http:\/\/www.w3.org\/2000\/svg\">\r\n<path d=\"M39.7212 22.5L27.0002 35.2209L14.2793 22.5L16.6502 20.1291L27.0002 30.4791L37.3502 20.1291L39.7212 22.5Z\" fill=\"#241F26\"\/>\r\n<\/svg>\n        \n        \n        \n            <\/div>\n    \n\n\n<\/div><\/div>\n<\/section><section class=\"bde-section-240-103 bde-section\">\n  \n  \n\t\n\n\n\n<div class=\"section-container\"><h3 class=\"bde-heading-240-238 bde-heading\">\nqu\u00e9 hacemos\n<\/h3><div class=\"bde-columns-240-239 bde-columns\"><div class=\"bde-column-240-240 bde-column\">\n  \n  \n\t\n\n\n\n<div class=\"bde-text-240-241 bde-text\">\nAcompa\u00f1amos a tu empresa en su camino hacia la responsabilidad social\n<\/div>\n<\/div><div class=\"bde-column-240-242 bde-column\">\n  \n  \n\t\n\n\n\n<div class=\"bde-text-240-243 bde-text\">\nY lo hacemos fortaleciendo su compromiso con la accesibilidad universal para favorecer la igualdad de oportunidades y garantizar el bienestar de todas las personas.\u00a0\u2028\u2028<br><br>Somos una consultor\u00eda a empresas y marcas que buscan mejorar sus recursos y servicios a los requerimientos de las personas mayores y con discapacidad, reforzando la responsabilidad social, la inclusi\u00f3n y su impacto positivo.\n<\/div><div class=\"bde-button-240-244 bde-button\">\n    \n                        \n                        \n    \n    \n    \n    \n            \n                    \n            \n            \n\n    \n    \n    \n    \n    \n    <a class=\"breakdance-link button-atom button-atom--secondary bde-button__button\" href=\"https:\/\/inclusiveway.es\/en\/sobre-nosotros\/\" target=\"_self\" data-type=\"url\"  >\n\n    \n        <span class=\"button-atom__text\">descubre c\u00f3mo<\/span>\n\n        \n        \n                <\/a>\n\n    \n\n\n<\/div>\n<\/div><\/div><\/div>\n<\/section><section class=\"bde-section-240-245 bde-section\">\n  \n  \n\t\n\n\n\n<div class=\"section-container\"><h3 class=\"bde-heading-240-246 bde-heading\">\nNuestros servicios\n<\/h3><div class=\"bde-text-240-247 bde-text\">\nAccesibilidad, formaci\u00f3n y<br> comunicaci\u00f3n con \n<\/div><div class=\"bde-text-240-248 bde-text\">\nVALORES\n<\/div><div class=\"bde-text-240-249 bde-text\">\nDesde\u00a0<m>Inclusive Way<\/m>, te ayudaremos a encontrar las mejores soluciones en accesibilidad y a alinear tus valores con tu prop\u00f3sito, de manera que maximices tu impacto y diferencies tu marca, promoviendo un entorno inclusivo y m\u00e1s responsable.\n<\/div><\/div>\n<\/section><section class=\"bde-section-240-255 bde-section\">\n  \n  \n\t\n\n\n\n<div class=\"section-container\"><div class=\"bde-columns-240-257 bde-columns\"><div class=\"bde-column-240-258 bde-column\">\n  \n  \n\t\n\n\n\n<div class=\"bde-text-240-259 bde-text\">\nAccesibilidad Universal\n<\/div><div class=\"bde-text-240-263 bde-text\">\nOfrecemos una evaluaci\u00f3n integral de la Accesibilidad Universal de tu entorno, producto o servicio para la eliminaci\u00f3n de barreras f\u00edsicas, arquitect\u00f3nicas o comunicativas.\n<\/div>\n<\/div><div class=\"bde-column-240-260 bde-column\">\n  \n  \n\t\n\n\n\n<div class=\"bde-rich-text-240-264 bde-rich-text breakdance-rich-text-styles\">\n<ul>\t\n<li>Reportes de accesibilidad (an\u00e1lisis y mejoras).<\/li>\n<li>Asistencia t\u00e9cnica: identificaci\u00f3n de Buenas Pr\u00e1cticas.<\/li>\n<li>Soporte para publicaciones, gu\u00edas y planes de accesibilidad.<\/li>\n<li>Mapeos y visitas de inspecci\u00f3n<\/li>\n<\/ul>\n\n\n<\/div>\n<\/div><\/div><\/div>\n<\/section><section class=\"bde-section-240-265 bde-section\">\n  \n  \n\t\n\n\n\n<div class=\"section-container\"><div class=\"bde-columns-240-266 bde-columns\"><div class=\"bde-column-240-267 bde-column\">\n  \n  \n\t\n\n\n\n<div class=\"bde-text-240-268 bde-text\">\nConsultoria Tur\u00edstica\n<\/div><div class=\"bde-text-240-269 bde-text\">\nRealizamos\u00a0 consultor\u00edas en comunicaci\u00f3n o marketing\u00a0 para potenciar destinos y experiencias tur\u00edsticas, sostenibles y socialmente responsables.\n<\/div>\n<\/div><div class=\"bde-column-240-270 bde-column\">\n  \n  \n\t\n\n\n\n<div class=\"bde-rich-text-240-271 bde-rich-text breakdance-rich-text-styles\">\n<ul>\t\n<li>Facilitadora de servicios para agencias especializadas.<\/li>\n<li>Dise\u00f1o de experiencias con trazabilidad accesible.<\/li>\n<li>Marketing para atraer viajeros senior y con discapacidad.<\/li>\n<li>Promoci\u00f3n de actividades con valor social.<\/li>\n<\/ul>\n\n\n<\/div><h4 class=\"bde-heading-240-272 bde-heading\">\nAccesibilidad e inclusi\u00f3n <br>en el \u00e1mbito hotelero\n<\/h4><div class=\"bde-rich-text-240-273 bde-rich-text breakdance-rich-text-styles\">\n<ul>\t\n<li><strong>Referente en accesibilidad e inclusi\u00f3n hotelera.<\/strong>\u2028 <\/br>Asesor\u00eda para posicionar tu hotel como modelo de inclusi\u00f3n, aplicando buenas pr\u00e1cticas en todos los servicios.<\/li> <\/br>\n<li><strong>Posicionamiento inclusivo para hoteles. <\/strong>\u2028 <\/br>\u2028Dise\u00f1o e implementaci\u00f3n de estrategias para destacar tu hotel como alojamiento accesible y socialmente responsable.<\/li><\/br>\n<li><strong>Transformaci\u00f3n hacia una hospitalidad inclusiva.<\/strong> <\/br>\u2028Acompa\u00f1amiento integral para adaptar tu hotel a un modelo accesible en espacios, servicios y comunicaci\u00f3n.<\/li>\n<\/ul>\n\n\n<\/div>\n<\/div><\/div><\/div>\n<\/section><section class=\"bde-section-240-274 bde-section\">\n  \n  \n\t\n\n\n\n<div class=\"section-container\"><div class=\"bde-columns-240-275 bde-columns\"><div class=\"bde-column-240-276 bde-column\">\n  \n  \n\t\n\n\n\n<div class=\"bde-text-240-277 bde-text\">\nComunicaci\u00f3n en valores\n<\/div><div class=\"bde-text-240-278 bde-text\">\nDise\u00f1amos y desarrollamos acciones de comunicaci\u00f3n y proyectos espec\u00edficos, alineados con las expectativas sociales y medioambientales, donde la accesibilidad universal sea transversal.\n<\/div>\n<\/div><div class=\"bde-column-240-279 bde-column\">\n  \n  \n\t\n\n\n\n<div class=\"bde-rich-text-240-280 bde-rich-text breakdance-rich-text-styles\">\n<ul>\t\n<li>Dise\u00f1amos y desarrollamos eventos con impacto social positivo.<\/li>\n<li>Marketing estrat\u00e9gico + inclusivo y con valores.<\/li>\n<li>Asesor\u00eda en comunicaci\u00f3n social.<\/li>\n<li>Incorporar informaci\u00f3n y medidas concretas sobre inclusi\u00f3n y accesibilidad en tus estrategias y campa\u00f1as.<\/li>\n<\/ul>\n\n\n<\/div>\n<\/div><\/div><\/div>\n<\/section><section class=\"bde-section-240-283 bde-section\">\n  \n  \n\t\n\n\n\n<div class=\"section-container\"><div class=\"bde-columns-240-284 bde-columns\"><div class=\"bde-column-240-285 bde-column\">\n  \n  \n\t\n\n\n\n<div class=\"bde-text-240-286 bde-text\">\nTalk  & Training\u00a0\n<\/div><div class=\"bde-text-240-287 bde-text\">\nCreamos y elaboramos actividades de sensibilizaci\u00f3n y formaci\u00f3n a medida ajustadas a las necesidades de cada situaci\u00f3n. Aseguramos el cumplimiento de las normativas vigentes con el objetivo de concienciar m\u00e1s all\u00e1 de la ley.\n<\/div>\n<\/div><div class=\"bde-column-240-288 bde-column\">\n  \n  \n\t\n\n\n\n<div class=\"bde-rich-text-240-289 bde-rich-text breakdance-rich-text-styles\">\n<ul>\t\n<li>Jornadas y talleres experiencial sobre aspectos de inclusi\u00f3n y accesibilidad tur\u00edstica.<\/li>\n<li>Formaci\u00f3n presencial y online para equipos internos de las empresas.<\/li>\n<li>Cursos de sensibilizaci\u00f3n sobre las personas con requerimientos de accesibilidad.<\/li>\n<li>C\u00e1psulas de concienciaci\u00f3n y formaci\u00f3n para el personal \u201cFront Desk\u201d o c\u00f3mo asistir mejor a personas con discapacidad.<\/li>\n<li>Formaciones ad hoc para alinear los mensajes con los ODS y los principios de responsabilidad social.\u00a0<\/li>\n<li>C\u00f3mo hacer tu hotel m\u00e1s accesible, m\u00e1s all\u00e1 de la normativa.<\/li>\n<li>C\u00f3mo ayudarte a entender y responder mejor a las necesidades de las personas con requerimientos de accesibilidad.<\/li>\n<\/ul>\n\n\n<\/div>\n<\/div><\/div><\/div>\n<\/section><section class=\"bde-section-240-290 bde-section\">\n  \n  \n\t\n\n\n\n<div class=\"section-container\"><h1 class=\"bde-heading-240-297 bde-heading\">\n\u00bfC\u00f3mo lo hacemos?\n<\/h1><div class=\"bde-text-240-298 bde-text\">\nCada empresa o proyecto tiene un contexto, necesidades y objetivos distintos.\u00a0Es por ello que lo primero es definir y acotar la necesidad detr\u00e1s de aquello que solicita.<br><br>\u00bfDeseas enriquecer la estancia de una persona con requerimientos de accesibilidad, convertir un destino o establecimiento apto para todas las personas? O tal vez, \u00bfquieres alinear las comunicaciones y acciones de marketing con objetivos sostenibles dise\u00f1ando un plan de comunicaci\u00f3n basado en valores para potenciar experiencias inclusivas y socialmente responsables?\n<\/div><div class=\"bde-rich-text-240-299 bde-rich-text breakdance-rich-text-styles\">\n<ul>\n<li>\n<h3>1. ESTUDIAMOS<\/h3>\n<p>Conocer tus necesidades nos permite hacer un\u00a0<b>diagn\u00f3stico exhaustivo<\/b>\u00a0para ofrecerte una\u00a0<b>soluci\u00f3n concreta<\/b>\u00a0y flexible.\n<\/p>\n<\/li>\n<li>\n<h3>2. CREAMOS<\/h3>\n<p><b>Crear un servicio personalizado<\/b>\u00a0y \u00e1gil para el desarrollo de experiencias tur\u00edsticas.\n<\/p>\n<\/li>\n<li>\n<h3>3. ACOMPA\u00d1AMOS\u2028<\/h3>\n<p><b>Acompa\u00f1arte<\/b>\u00a0de manera constante con un trato cercano en todas las fases del proyecto.\n<\/p>\n<\/li>\n<\/ul>\n<\/div><\/div>\n<\/section>","protected":false},"excerpt":{"rendered":"<p>Servicios qu\u00e9 hacemos Acompa\u00f1amos a tu empresa en su camino hacia la responsabilidad social Y lo hacemos fortaleciendo su compromiso con la accesibilidad universal para favorecer la igualdad de oportunidades y garantizar el bienestar de todas las personas.\u00a0\u2028\u2028Somos una consultor\u00eda a empresas y marcas que buscan mejorar sus recursos y servicios a los requerimientos de [&hellip;]<\/p>\n","protected":false},"author":1,"featured_media":0,"parent":0,"menu_order":0,"comment_status":"closed","ping_status":"closed","template":"","meta":{"_acf_changed":false,"_breakdance_hide_in_design_set":false,"_breakdance_tags":"","footnotes":""},"class_list":["post-240","page","type-page","status-publish","hentry"],"acf":[],"_links":{"self":[{"href":"https:\/\/inclusiveway.es\/en\/wp-json\/wp\/v2\/pages\/240","targetHints":{"allow":["GET"]}}],"collection":[{"href":"https:\/\/inclusiveway.es\/en\/wp-json\/wp\/v2\/pages"}],"about":[{"href":"https:\/\/inclusiveway.es\/en\/wp-json\/wp\/v2\/types\/page"}],"author":[{"embeddable":true,"href":"https:\/\/inclusiveway.es\/en\/wp-json\/wp\/v2\/users\/1"}],"replies":[{"embeddable":true,"href":"https:\/\/inclusiveway.es\/en\/wp-json\/wp\/v2\/comments?post=240"}],"version-history":[{"count":176,"href":"https:\/\/inclusiveway.es\/en\/wp-json\/wp\/v2\/pages\/240\/revisions"}],"predecessor-version":[{"id":939,"href":"https:\/\/inclusiveway.es\/en\/wp-json\/wp\/v2\/pages\/240\/revisions\/939"}],"wp:attachment":[{"href":"https:\/\/inclusiveway.es\/en\/wp-json\/wp\/v2\/media?parent=240"}],"curies":[{"name":"wp","href":"https:\/\/api.w.org\/{rel}","templated":true}]}}